{"id":2701,"date":"2024-01-05T14:30:20","date_gmt":"2024-01-05T14:30:20","guid":{"rendered":"https:\/\/32.aicps.ro\/?post_type=product&#038;p=2701"},"modified":"2024-04-15T07:54:23","modified_gmt":"2024-04-15T07:54:23","slug":"devino-membru-aicps","status":"publish","type":"product","link":"https:\/\/32.aicps.ro\/index.php\/produs\/devino-membru-aicps\/","title":{"rendered":"Devino membru AICPS"},"content":{"rendered":"","protected":false},"excerpt":{"rendered":"<div style=\"text-align: left;\"><strong>-&gt;<\/strong> Fi\u021bi parte dintr-o asocia\u021bie dinamic\u0103, implicat\u0103, care promoveaz\u0103 profesionalismul \u0219i practicile performante \u00een domeniul ingineriei civile.<\/div>\n<div style=\"text-align: left;\"><strong>-&gt;<\/strong> \u00censcrierea \u00een Asocia\u021bia Inginerilor Constructori Proiectan\u021bi de Structuri se face pe baza unei cereri adresat\u0103 Conducerii Asocia\u021biei.<\/div>\n<div><\/div>\n<div><\/div>\n<div style=\"text-align: left;\"><strong>Urma\u021bi 3 pa\u0219i simpli:<\/strong><\/div>\n<div dir=\"auto\" style=\"text-align: left;\"><b>PASUL 1<\/b>: V\u0103 invit\u0103m s\u0103 desc\u0103rca\u021bi de aici:\u00a0<a title=\"Formular adeziune persoan\u0103 fizic\u0103\" href=\"https:\/\/www.aicps.ro\/media\/static-files\/aicps_cerere_adeziune_pf.pdf\" target=\"_blank\" rel=\"noopener\" data-saferedirecturl=\"https:\/\/www.google.com\/url?q=https:\/\/www.aicps.ro\/media\/static-files\/aicps_cerere_adeziune_pf.pdf&amp;source=gmail&amp;ust=1713025265335000&amp;usg=AOvVaw14vKJEoOBKnhXL7MpzBcA4\">FORMULAR adeziune persoan\u0103 fizic\u0103<\/a>\u00a0\u0219i s\u0103 citi\u021bi\u00a0<a href=\"https:\/\/www.aicps.ro\/despre-noi\/statut\" target=\"_blank\" rel=\"noopener\" data-saferedirecturl=\"https:\/\/www.google.com\/url?q=https:\/\/www.aicps.ro\/despre-noi\/statut&amp;source=gmail&amp;ust=1713025265335000&amp;usg=AOvVaw1qK2LbAvbKYAWFzTLz4L9S\">Statutul AICPS aici<\/a><\/div>\n<div dir=\"auto\" style=\"text-align: left;\"><b>PASUL 2<\/b>: Trimite\u021bi FORMULARUL completat \u0219i semnat pe adresa\u00a0<a href=\"mailto:office@aicps.ro\" target=\"_blank\" rel=\"noopener\">office@aicps.ro<\/a><\/div>\n<div style=\"text-align: left;\">&gt;&gt; Oamenii dedica\u021bi din AICPS verific\u0103 toate datele &lt;&lt;<\/div>\n<div dir=\"auto\" style=\"text-align: left;\"><b>PASUL 3:<\/b> \u00cen 5 zile lucr\u0103toare ve\u021bi primi un e-mail de confirmare a adeziunii \u0219i toate detaliile necesare pentru a finaliza \u00eenscrierea \u0219i a pl\u0103ti cotizatia.<\/div>\n<div dir=\"auto\"><\/div>\n<div dir=\"auto\" style=\"text-align: left;\">Cuantumul cotiza\u021biilor anuale, precum \u0219i tipurile de membri sunt precizate aici:\u00a0<a href=\"http:\/\/www.aicps.ro\/taxe\" target=\"_blank\" rel=\"noopener\" data-saferedirecturl=\"https:\/\/www.google.com\/url?q=http:\/\/www.aicps.ro\/taxe&amp;source=gmail&amp;ust=1713025265335000&amp;usg=AOvVaw12tI6wbmecLLLlccOO305b\">www.aicps.ro\/taxe<\/a><\/div>\n<div style=\"text-align: left;\"><\/div>\n<div dir=\"auto\" style=\"text-align: left;\"><strong>Al\u0103tur\u0103-te AICPS!<\/strong><\/div>\n<div dir=\"auto\"><\/div>\n","protected":false},"featured_media":2752,"template":"","meta":[],"product_cat":[61],"product_tag":[],"yoast_head":"<!-- This site is optimized with the Yoast SEO plugin v22.0 - https:\/\/yoast.com\/wordpress\/plugins\/seo\/ -->\n<title>Devino membru AICPS - 32AICPS<\/title>\n<meta name=\"robots\" content=\"index, follow, max-snippet:-1, max-image-preview:large, max-video-preview:-1\" \/>\n<link rel=\"canonical\" href=\"https:\/\/32.aicps.ro\/index.php\/produs\/devino-membru-aicps\/\" \/>\n<meta property=\"og:locale\" content=\"ro_RO\" \/>\n<meta property=\"og:type\" content=\"article\" \/>\n<meta property=\"og:title\" content=\"Devino membru AICPS - 32AICPS\" \/>\n<meta property=\"og:description\" content=\"-&gt; Fi\u021bi parte dintr-o asocia\u021bie dinamic\u0103, implicat\u0103, care promoveaz\u0103 profesionalismul \u0219i practicile performante \u00een domeniul ingineriei civile. -&gt; \u00censcrierea \u00een Asocia\u021bia Inginerilor Constructori Proiectan\u021bi de Structuri se face pe baza unei cereri adresat\u0103 Conducerii Asocia\u021biei.   Urma\u021bi 3 pa\u0219i simpli: PASUL 1: V\u0103 invit\u0103m s\u0103 desc\u0103rca\u021bi de aici:\u00a0FORMULAR adeziune persoan\u0103 fizic\u0103\u00a0\u0219i s\u0103 citi\u021bi\u00a0Statutul AICPS aici PASUL 2: Trimite\u021bi FORMULARUL completat \u0219i semnat pe adresa\u00a0office@aicps.ro &gt;&gt; Oamenii dedica\u021bi din AICPS verific\u0103 toate datele &lt;&lt; PASUL 3: \u00cen 5 zile lucr\u0103toare ve\u021bi primi un e-mail de confirmare a adeziunii \u0219i toate detaliile necesare pentru a finaliza \u00eenscrierea \u0219i a pl\u0103ti cotizatia.  Cuantumul cotiza\u021biilor anuale, precum \u0219i tipurile de membri sunt precizate aici:\u00a0www.aicps.ro\/taxe  Al\u0103tur\u0103-te AICPS!\" \/>\n<meta property=\"og:url\" content=\"https:\/\/32.aicps.ro\/index.php\/produs\/devino-membru-aicps\/\" \/>\n<meta property=\"og:site_name\" content=\"32AICPS\" \/>\n<meta property=\"article:modified_time\" content=\"2024-04-15T07:54:23+00:00\" \/>\n<meta property=\"og:image\" content=\"https:\/\/32.aicps.ro\/wp-content\/uploads\/2024\/01\/foto-bilet-devino-membru-e1713167572909.png\" \/>\n\t<meta property=\"og:image:width\" content=\"520\" \/>\n\t<meta property=\"og:image:height\" content=\"436\" \/>\n\t<meta property=\"og:image:type\" content=\"image\/png\" \/>\n<meta name=\"twitter:card\" content=\"summary_large_image\" \/>\n<meta name=\"twitter:label1\" content=\"Timp estimat pentru citire\" \/>\n\t<meta name=\"twitter:data1\" content=\"1 minut\" \/>\n<script type=\"application\/ld+json\" class=\"yoast-schema-graph\">{\"@context\":\"https:\/\/schema.org\",\"@graph\":[{\"@type\":\"WebPage\",\"@id\":\"https:\/\/32.aicps.ro\/index.php\/produs\/devino-membru-aicps\/\",\"url\":\"https:\/\/32.aicps.ro\/index.php\/produs\/devino-membru-aicps\/\",\"name\":\"Devino membru AICPS - 32AICPS\",\"isPartOf\":{\"@id\":\"https:\/\/32.aicps.ro\/#website\"},\"datePublished\":\"2024-01-05T14:30:20+00:00\",\"dateModified\":\"2024-04-15T07:54:23+00:00\",\"breadcrumb\":{\"@id\":\"https:\/\/32.aicps.ro\/index.php\/produs\/devino-membru-aicps\/#breadcrumb\"},\"inLanguage\":\"ro-RO\",\"potentialAction\":[{\"@type\":\"ReadAction\",\"target\":[\"https:\/\/32.aicps.ro\/index.php\/produs\/devino-membru-aicps\/\"]}]},{\"@type\":\"BreadcrumbList\",\"@id\":\"https:\/\/32.aicps.ro\/index.php\/produs\/devino-membru-aicps\/#breadcrumb\",\"itemListElement\":[{\"@type\":\"ListItem\",\"position\":1,\"name\":\"Home\",\"item\":\"https:\/\/32.aicps.ro\/\"},{\"@type\":\"ListItem\",\"position\":2,\"name\":\"Shop\",\"item\":\"https:\/\/32.aicps.ro\/index.php\/shop\/\"},{\"@type\":\"ListItem\",\"position\":3,\"name\":\"Devino membru AICPS\"}]},{\"@type\":\"WebSite\",\"@id\":\"https:\/\/32.aicps.ro\/#website\",\"url\":\"https:\/\/32.aicps.ro\/\",\"name\":\"32AICPS\",\"description\":\"\",\"publisher\":{\"@id\":\"https:\/\/32.aicps.ro\/#organization\"},\"potentialAction\":[{\"@type\":\"SearchAction\",\"target\":{\"@type\":\"EntryPoint\",\"urlTemplate\":\"https:\/\/32.aicps.ro\/?s={search_term_string}\"},\"query-input\":\"required name=search_term_string\"}],\"inLanguage\":\"ro-RO\"},{\"@type\":\"Organization\",\"@id\":\"https:\/\/32.aicps.ro\/#organization\",\"name\":\"32AICPS\",\"url\":\"https:\/\/32.aicps.ro\/\",\"logo\":{\"@type\":\"ImageObject\",\"inLanguage\":\"ro-RO\",\"@id\":\"https:\/\/32.aicps.ro\/#\/schema\/logo\/image\/\",\"url\":\"https:\/\/32.aicps.ro\/wp-content\/uploads\/2024\/02\/logo-aicps-32.png\",\"contentUrl\":\"https:\/\/32.aicps.ro\/wp-content\/uploads\/2024\/02\/logo-aicps-32.png\",\"width\":1020,\"height\":774,\"caption\":\"32AICPS\"},\"image\":{\"@id\":\"https:\/\/32.aicps.ro\/#\/schema\/logo\/image\/\"}}]}<\/script>\n<!-- \/ Yoast SEO plugin. -->","yoast_head_json":{"title":"Devino membru AICPS - 32AICPS","robots":{"index":"index","follow":"follow","max-snippet":"max-snippet:-1","max-image-preview":"max-image-preview:large","max-video-preview":"max-video-preview:-1"},"canonical":"https:\/\/32.aicps.ro\/index.php\/produs\/devino-membru-aicps\/","og_locale":"ro_RO","og_type":"article","og_title":"Devino membru AICPS - 32AICPS","og_description":"-&gt; Fi\u021bi parte dintr-o asocia\u021bie dinamic\u0103, implicat\u0103, care promoveaz\u0103 profesionalismul \u0219i practicile performante \u00een domeniul ingineriei civile. -&gt; \u00censcrierea \u00een Asocia\u021bia Inginerilor Constructori Proiectan\u021bi de Structuri se face pe baza unei cereri adresat\u0103 Conducerii Asocia\u021biei.   Urma\u021bi 3 pa\u0219i simpli: PASUL 1: V\u0103 invit\u0103m s\u0103 desc\u0103rca\u021bi de aici:\u00a0FORMULAR adeziune persoan\u0103 fizic\u0103\u00a0\u0219i s\u0103 citi\u021bi\u00a0Statutul AICPS aici PASUL 2: Trimite\u021bi FORMULARUL completat \u0219i semnat pe adresa\u00a0office@aicps.ro &gt;&gt; Oamenii dedica\u021bi din AICPS verific\u0103 toate datele &lt;&lt; PASUL 3: \u00cen 5 zile lucr\u0103toare ve\u021bi primi un e-mail de confirmare a adeziunii \u0219i toate detaliile necesare pentru a finaliza \u00eenscrierea \u0219i a pl\u0103ti cotizatia.  Cuantumul cotiza\u021biilor anuale, precum \u0219i tipurile de membri sunt precizate aici:\u00a0www.aicps.ro\/taxe  Al\u0103tur\u0103-te AICPS!","og_url":"https:\/\/32.aicps.ro\/index.php\/produs\/devino-membru-aicps\/","og_site_name":"32AICPS","article_modified_time":"2024-04-15T07:54:23+00:00","og_image":[{"width":520,"height":436,"url":"https:\/\/32.aicps.ro\/wp-content\/uploads\/2024\/01\/foto-bilet-devino-membru-e1713167572909.png","type":"image\/png"}],"twitter_card":"summary_large_image","twitter_misc":{"Timp estimat pentru citire":"1 minut"},"schema":{"@context":"https:\/\/schema.org","@graph":[{"@type":"WebPage","@id":"https:\/\/32.aicps.ro\/index.php\/produs\/devino-membru-aicps\/","url":"https:\/\/32.aicps.ro\/index.php\/produs\/devino-membru-aicps\/","name":"Devino membru AICPS - 32AICPS","isPartOf":{"@id":"https:\/\/32.aicps.ro\/#website"},"datePublished":"2024-01-05T14:30:20+00:00","dateModified":"2024-04-15T07:54:23+00:00","breadcrumb":{"@id":"https:\/\/32.aicps.ro\/index.php\/produs\/devino-membru-aicps\/#breadcrumb"},"inLanguage":"ro-RO","potentialAction":[{"@type":"ReadAction","target":["https:\/\/32.aicps.ro\/index.php\/produs\/devino-membru-aicps\/"]}]},{"@type":"BreadcrumbList","@id":"https:\/\/32.aicps.ro\/index.php\/produs\/devino-membru-aicps\/#breadcrumb","itemListElement":[{"@type":"ListItem","position":1,"name":"Home","item":"https:\/\/32.aicps.ro\/"},{"@type":"ListItem","position":2,"name":"Shop","item":"https:\/\/32.aicps.ro\/index.php\/shop\/"},{"@type":"ListItem","position":3,"name":"Devino membru AICPS"}]},{"@type":"WebSite","@id":"https:\/\/32.aicps.ro\/#website","url":"https:\/\/32.aicps.ro\/","name":"32AICPS","description":"","publisher":{"@id":"https:\/\/32.aicps.ro\/#organization"},"potentialAction":[{"@type":"SearchAction","target":{"@type":"EntryPoint","urlTemplate":"https:\/\/32.aicps.ro\/?s={search_term_string}"},"query-input":"required name=search_term_string"}],"inLanguage":"ro-RO"},{"@type":"Organization","@id":"https:\/\/32.aicps.ro\/#organization","name":"32AICPS","url":"https:\/\/32.aicps.ro\/","logo":{"@type":"ImageObject","inLanguage":"ro-RO","@id":"https:\/\/32.aicps.ro\/#\/schema\/logo\/image\/","url":"https:\/\/32.aicps.ro\/wp-content\/uploads\/2024\/02\/logo-aicps-32.png","contentUrl":"https:\/\/32.aicps.ro\/wp-content\/uploads\/2024\/02\/logo-aicps-32.png","width":1020,"height":774,"caption":"32AICPS"},"image":{"@id":"https:\/\/32.aicps.ro\/#\/schema\/logo\/image\/"}}]}},"_links":{"self":[{"href":"https:\/\/32.aicps.ro\/index.php\/wp-json\/wp\/v2\/product\/2701"}],"collection":[{"href":"https:\/\/32.aicps.ro\/index.php\/wp-json\/wp\/v2\/product"}],"about":[{"href":"https:\/\/32.aicps.ro\/index.php\/wp-json\/wp\/v2\/types\/product"}],"wp:featuredmedia":[{"embeddable":true,"href":"https:\/\/32.aicps.ro\/index.php\/wp-json\/wp\/v2\/media\/2752"}],"wp:attachment":[{"href":"https:\/\/32.aicps.ro\/index.php\/wp-json\/wp\/v2\/media?parent=2701"}],"wp:term":[{"taxonomy":"product_cat","embeddable":true,"href":"https:\/\/32.aicps.ro\/index.php\/wp-json\/wp\/v2\/product_cat?post=2701"},{"taxonomy":"product_tag","embeddable":true,"href":"https:\/\/32.aicps.ro\/index.php\/wp-json\/wp\/v2\/product_tag?post=2701"}],"curies":[{"name":"wp","href":"https:\/\/api.w.org\/{rel}","templated":true}]}}