{"id":1104,"date":"2024-01-10T11:53:55","date_gmt":"2024-01-10T11:53:55","guid":{"rendered":"https:\/\/32.aicps.ro\/?post_type=product&#038;p=1104"},"modified":"2024-05-28T11:05:21","modified_gmt":"2024-05-28T11:05:21","slug":"bilet-membri-aicps","status":"publish","type":"product","link":"https:\/\/32.aicps.ro\/index.php\/produs\/bilet-membri-aicps\/","title":{"rendered":"Bilet membri AICPS"},"content":{"rendered":"<p><span style=\"color: #e31e25;\">Atentie!<\/span><\/p>\n<p style=\"font-size: 19px;\">Pentru c\u0103 ne dorim ca interac\u021biunea dintre participan\u021bii la eveniment s\u0103 fie una c\u00e2t mai dinamic\u0103, vom avea ecusoane personalizate cu numele \u0219i prenumele fiec\u0103ruia. Astfel, avem rug\u0103mintea ca persoanele care achizi\u021bioneaz\u0103 mai multe bilete, s\u0103 completeze numele \u0219i prenumele fiec\u0103rui participant.<\/p>\n","protected":false},"excerpt":{"rendered":"<p>Biletul include accesul la ambele zile de conferin\u021b\u0103 (6-7 iunie) c\u00e2t \u0219i la mesele de pr\u00e2nz tip buffet suedez \u0219i pauzele de cafea.<br \/>\n**ATENTIE: Plata se face doar prin transfer bancar prin OP ulterior finaliz\u0103rii comenzii pe site. La detalii plata scrieti bilet conferinta si ID comanda. Datele contului AICPS le veti primi \u00een e-mailul de confirmare dup\u0103 finalizarea comenzii.<br \/>\n***Biletele si factura vin pe email \u00een 3-4 zile lucr\u0103toare, dup\u0103 \u00eenregistrarea pl\u0103\u021bii.<\/p>\n","protected":false},"featured_media":1186,"template":"","meta":[],"product_cat":[61],"product_tag":[],"yoast_head":"<!-- This site is optimized with the Yoast SEO plugin v22.0 - https:\/\/yoast.com\/wordpress\/plugins\/seo\/ -->\n<title>Bilet membri AICPS - 32AICPS<\/title>\n<meta name=\"robots\" content=\"index, follow, max-snippet:-1, max-image-preview:large, max-video-preview:-1\" \/>\n<link rel=\"canonical\" href=\"https:\/\/32.aicps.ro\/index.php\/produs\/bilet-membri-aicps\/\" \/>\n<meta property=\"og:locale\" content=\"ro_RO\" \/>\n<meta property=\"og:type\" content=\"article\" \/>\n<meta property=\"og:title\" content=\"Bilet membri AICPS - 32AICPS\" \/>\n<meta property=\"og:description\" content=\"Biletul include accesul la ambele zile de conferin\u021b\u0103 (6-7 iunie) c\u00e2t \u0219i la mesele de pr\u00e2nz tip buffet suedez \u0219i pauzele de cafea. **ATENTIE: Plata se face doar prin transfer bancar prin OP ulterior finaliz\u0103rii comenzii pe site. La detalii plata scrieti bilet conferinta si ID comanda. Datele contului AICPS le veti primi \u00een e-mailul de confirmare dup\u0103 finalizarea comenzii. ***Biletele si factura vin pe email \u00een 3-4 zile lucr\u0103toare, dup\u0103 \u00eenregistrarea pl\u0103\u021bii.\" \/>\n<meta property=\"og:url\" content=\"https:\/\/32.aicps.ro\/index.php\/produs\/bilet-membri-aicps\/\" \/>\n<meta property=\"og:site_name\" content=\"32AICPS\" \/>\n<meta property=\"article:modified_time\" content=\"2024-05-28T11:05:21+00:00\" \/>\n<meta property=\"og:image\" content=\"https:\/\/32.aicps.ro\/wp-content\/uploads\/2024\/01\/infomaniak-ticket.png\" \/>\n\t<meta property=\"og:image:width\" content=\"520\" \/>\n\t<meta property=\"og:image:height\" content=\"400\" \/>\n\t<meta property=\"og:image:type\" content=\"image\/png\" \/>\n<meta name=\"twitter:card\" content=\"summary_large_image\" \/>\n<meta name=\"twitter:label1\" content=\"Timp estimat pentru citire\" \/>\n\t<meta name=\"twitter:data1\" content=\"1 minut\" \/>\n<script type=\"application\/ld+json\" class=\"yoast-schema-graph\">{\"@context\":\"https:\/\/schema.org\",\"@graph\":[{\"@type\":\"WebPage\",\"@id\":\"https:\/\/32.aicps.ro\/index.php\/produs\/bilet-membri-aicps\/\",\"url\":\"https:\/\/32.aicps.ro\/index.php\/produs\/bilet-membri-aicps\/\",\"name\":\"Bilet membri AICPS - 32AICPS\",\"isPartOf\":{\"@id\":\"https:\/\/32.aicps.ro\/#website\"},\"datePublished\":\"2024-01-10T11:53:55+00:00\",\"dateModified\":\"2024-05-28T11:05:21+00:00\",\"breadcrumb\":{\"@id\":\"https:\/\/32.aicps.ro\/index.php\/produs\/bilet-membri-aicps\/#breadcrumb\"},\"inLanguage\":\"ro-RO\",\"potentialAction\":[{\"@type\":\"ReadAction\",\"target\":[\"https:\/\/32.aicps.ro\/index.php\/produs\/bilet-membri-aicps\/\"]}]},{\"@type\":\"BreadcrumbList\",\"@id\":\"https:\/\/32.aicps.ro\/index.php\/produs\/bilet-membri-aicps\/#breadcrumb\",\"itemListElement\":[{\"@type\":\"ListItem\",\"position\":1,\"name\":\"Home\",\"item\":\"https:\/\/32.aicps.ro\/\"},{\"@type\":\"ListItem\",\"position\":2,\"name\":\"Shop\",\"item\":\"https:\/\/32.aicps.ro\/index.php\/shop\/\"},{\"@type\":\"ListItem\",\"position\":3,\"name\":\"Bilet membri AICPS\"}]},{\"@type\":\"WebSite\",\"@id\":\"https:\/\/32.aicps.ro\/#website\",\"url\":\"https:\/\/32.aicps.ro\/\",\"name\":\"32AICPS\",\"description\":\"\",\"publisher\":{\"@id\":\"https:\/\/32.aicps.ro\/#organization\"},\"potentialAction\":[{\"@type\":\"SearchAction\",\"target\":{\"@type\":\"EntryPoint\",\"urlTemplate\":\"https:\/\/32.aicps.ro\/?s={search_term_string}\"},\"query-input\":\"required name=search_term_string\"}],\"inLanguage\":\"ro-RO\"},{\"@type\":\"Organization\",\"@id\":\"https:\/\/32.aicps.ro\/#organization\",\"name\":\"32AICPS\",\"url\":\"https:\/\/32.aicps.ro\/\",\"logo\":{\"@type\":\"ImageObject\",\"inLanguage\":\"ro-RO\",\"@id\":\"https:\/\/32.aicps.ro\/#\/schema\/logo\/image\/\",\"url\":\"https:\/\/32.aicps.ro\/wp-content\/uploads\/2024\/02\/logo-aicps-32.png\",\"contentUrl\":\"https:\/\/32.aicps.ro\/wp-content\/uploads\/2024\/02\/logo-aicps-32.png\",\"width\":1020,\"height\":774,\"caption\":\"32AICPS\"},\"image\":{\"@id\":\"https:\/\/32.aicps.ro\/#\/schema\/logo\/image\/\"}}]}<\/script>\n<!-- \/ Yoast SEO plugin. -->","yoast_head_json":{"title":"Bilet membri AICPS - 32AICPS","robots":{"index":"index","follow":"follow","max-snippet":"max-snippet:-1","max-image-preview":"max-image-preview:large","max-video-preview":"max-video-preview:-1"},"canonical":"https:\/\/32.aicps.ro\/index.php\/produs\/bilet-membri-aicps\/","og_locale":"ro_RO","og_type":"article","og_title":"Bilet membri AICPS - 32AICPS","og_description":"Biletul include accesul la ambele zile de conferin\u021b\u0103 (6-7 iunie) c\u00e2t \u0219i la mesele de pr\u00e2nz tip buffet suedez \u0219i pauzele de cafea. **ATENTIE: Plata se face doar prin transfer bancar prin OP ulterior finaliz\u0103rii comenzii pe site. La detalii plata scrieti bilet conferinta si ID comanda. Datele contului AICPS le veti primi \u00een e-mailul de confirmare dup\u0103 finalizarea comenzii. ***Biletele si factura vin pe email \u00een 3-4 zile lucr\u0103toare, dup\u0103 \u00eenregistrarea pl\u0103\u021bii.","og_url":"https:\/\/32.aicps.ro\/index.php\/produs\/bilet-membri-aicps\/","og_site_name":"32AICPS","article_modified_time":"2024-05-28T11:05:21+00:00","og_image":[{"width":520,"height":400,"url":"https:\/\/32.aicps.ro\/wp-content\/uploads\/2024\/01\/infomaniak-ticket.png","type":"image\/png"}],"twitter_card":"summary_large_image","twitter_misc":{"Timp estimat pentru citire":"1 minut"},"schema":{"@context":"https:\/\/schema.org","@graph":[{"@type":"WebPage","@id":"https:\/\/32.aicps.ro\/index.php\/produs\/bilet-membri-aicps\/","url":"https:\/\/32.aicps.ro\/index.php\/produs\/bilet-membri-aicps\/","name":"Bilet membri AICPS - 32AICPS","isPartOf":{"@id":"https:\/\/32.aicps.ro\/#website"},"datePublished":"2024-01-10T11:53:55+00:00","dateModified":"2024-05-28T11:05:21+00:00","breadcrumb":{"@id":"https:\/\/32.aicps.ro\/index.php\/produs\/bilet-membri-aicps\/#breadcrumb"},"inLanguage":"ro-RO","potentialAction":[{"@type":"ReadAction","target":["https:\/\/32.aicps.ro\/index.php\/produs\/bilet-membri-aicps\/"]}]},{"@type":"BreadcrumbList","@id":"https:\/\/32.aicps.ro\/index.php\/produs\/bilet-membri-aicps\/#breadcrumb","itemListElement":[{"@type":"ListItem","position":1,"name":"Home","item":"https:\/\/32.aicps.ro\/"},{"@type":"ListItem","position":2,"name":"Shop","item":"https:\/\/32.aicps.ro\/index.php\/shop\/"},{"@type":"ListItem","position":3,"name":"Bilet membri AICPS"}]},{"@type":"WebSite","@id":"https:\/\/32.aicps.ro\/#website","url":"https:\/\/32.aicps.ro\/","name":"32AICPS","description":"","publisher":{"@id":"https:\/\/32.aicps.ro\/#organization"},"potentialAction":[{"@type":"SearchAction","target":{"@type":"EntryPoint","urlTemplate":"https:\/\/32.aicps.ro\/?s={search_term_string}"},"query-input":"required name=search_term_string"}],"inLanguage":"ro-RO"},{"@type":"Organization","@id":"https:\/\/32.aicps.ro\/#organization","name":"32AICPS","url":"https:\/\/32.aicps.ro\/","logo":{"@type":"ImageObject","inLanguage":"ro-RO","@id":"https:\/\/32.aicps.ro\/#\/schema\/logo\/image\/","url":"https:\/\/32.aicps.ro\/wp-content\/uploads\/2024\/02\/logo-aicps-32.png","contentUrl":"https:\/\/32.aicps.ro\/wp-content\/uploads\/2024\/02\/logo-aicps-32.png","width":1020,"height":774,"caption":"32AICPS"},"image":{"@id":"https:\/\/32.aicps.ro\/#\/schema\/logo\/image\/"}}]}},"_links":{"self":[{"href":"https:\/\/32.aicps.ro\/index.php\/wp-json\/wp\/v2\/product\/1104"}],"collection":[{"href":"https:\/\/32.aicps.ro\/index.php\/wp-json\/wp\/v2\/product"}],"about":[{"href":"https:\/\/32.aicps.ro\/index.php\/wp-json\/wp\/v2\/types\/product"}],"wp:featuredmedia":[{"embeddable":true,"href":"https:\/\/32.aicps.ro\/index.php\/wp-json\/wp\/v2\/media\/1186"}],"wp:attachment":[{"href":"https:\/\/32.aicps.ro\/index.php\/wp-json\/wp\/v2\/media?parent=1104"}],"wp:term":[{"taxonomy":"product_cat","embeddable":true,"href":"https:\/\/32.aicps.ro\/index.php\/wp-json\/wp\/v2\/product_cat?post=1104"},{"taxonomy":"product_tag","embeddable":true,"href":"https:\/\/32.aicps.ro\/index.php\/wp-json\/wp\/v2\/product_tag?post=1104"}],"curies":[{"name":"wp","href":"https:\/\/api.w.org\/{rel}","templated":true}]}}