{"id":3,"date":"2023-12-21T12:06:57","date_gmt":"2023-12-21T12:06:57","guid":{"rendered":"https:\/\/32.aicps.ro\/?page_id=3"},"modified":"2024-02-19T09:53:39","modified_gmt":"2024-02-19T09:53:39","slug":"politica-de-confidentialitate","status":"publish","type":"page","link":"https:\/\/32.aicps.ro\/index.php\/politica-de-confidentialitate\/","title":{"rendered":"Politic\u0103 de confiden\u021bialitate"},"content":{"rendered":"<div class=\"fusion-fullwidth fullwidth-box fusion-builder-row-1 fusion-flex-container has-pattern-background has-mask-background nonhundred-percent-fullwidth non-hundred-percent-height-scrolling\" style=\"--awb-border-radius-top-left:0px;--awb-border-radius-top-right:0px;--awb-border-radius-bottom-right:0px;--awb-border-radius-bottom-left:0px;--awb-padding-top:0px;--awb-margin-top:0px;--awb-flex-wrap:wrap;\" ><div class=\"fusion-builder-row fusion-row fusion-flex-align-items-flex-start fusion-flex-content-wrap\" style=\"max-width:982.8px;margin-left: calc(-4% \/ 2 );margin-right: calc(-4% \/ 2 );\"><div class=\"fusion-layout-column fusion_builder_column fusion-builder-column-0 fusion_builder_column_1_1 1_1 fusion-flex-column\" style=\"--awb-bg-size:cover;--awb-width-large:100%;--awb-margin-top-large:0px;--awb-spacing-right-large:1.92%;--awb-margin-bottom-large:0px;--awb-spacing-left-large:1.92%;--awb-width-medium:100%;--awb-spacing-right-medium:1.92%;--awb-spacing-left-medium:1.92%;--awb-width-small:100%;--awb-spacing-right-small:1.92%;--awb-spacing-left-small:1.92%;\"><div class=\"fusion-column-wrapper fusion-flex-justify-content-flex-start fusion-content-layout-column\"><div class=\"fusion-text fusion-text-1\"><h1>Politic\u0103 de confiden\u021bialitate<\/h1>\n<p>\u00cencep\u00e2nd cu data de 25 mai 2018, a intrat \u00een vigoare \u0219i se aplic\u0103 direct \u00een toate statele membre ale Uniunii Europene Regulamentul (UE) 2016\/679 al Parlamentului European \u0219i al Consiliului din 27 aprilie 2016 privind protec\u021bia persoanelor fizice \u00een ceea ce prive\u0219te prelucrarea datelor cu caracter personal \u0219i privind libera circula\u021bie a acestor date \u0219i de abrogare a Directivei 95\/46\/CE, cunoscut \u0219i ca GDPR (General Data Protection Regulation).<\/p>\n<p>Regulamentul (UE) 679\/2016, \u00een conformitate cu dispozi\u021biile art. 2 alin. (1) din acesta, se aplic\u0103 prelucr\u0103rii datelor cu caracter personal, efectuat\u0103 total sau par\u021bial prin mijloace automatizate, precum \u0219i prelucr\u0103rii prin alte mijloace dec\u00e2t cele automatizate a datelor cu caracter personal care fac parte dintr-un sistem de eviden\u021b\u0103 a datelor sau care sunt destinate s\u0103 fac\u0103 parte dintr-un sistem de eviden\u021b\u0103 a datelor.<\/p>\n<p>Not\u0103 de informare privind prelucrarea datelor cu caracter personal conform Regulamentului UE 2016\/679 (\u201cGDPR\u201d) \u0219i a politicii de prelucrare a datelor cu caracter personal :<\/p>\n<p>Operatorul de prelucrare a datelor cu caracter personal :<br \/>\nAICPS cu sediul \u00een \u015eos. Pandurilor nr. 94, Bucure\u015fti, Sector 5, Corp B, Et. 1, (denumit \u00een continuare, \u201cAICPS\u201d sau \u201cOperator\u201d), \u00een calitate de Operator va prelucra datele dumneavoastr\u0103 cu caracter personal \u00een conformitate cu dispozi\u021biile legale incidente \u00een domeniul protec\u021biei datelor cu caracter personal, precum \u0219i in conformitate cu prevederile prezentei note de informare.<br \/>\n\u2022 Responsabilul cu protec\u021bia datelor cu caracter personal (RPD)<br \/>\nResponsabilul cu protec\u021bia datelor cu caracter personal (RPD) numit de c\u0103tre AICPS poate fi contactat la urm\u0103toarea adres\u0103 de e-mail: aicpsautorizari@gmail.com<br \/>\n\u2022 Scopul \u0219i modalitatea de prelucrare a datelor cu caracter personal<br \/>\nDatele personale prelucrate de c\u0103tre AICPS sunt: nume, prenume, domiciliu, serie si num\u0103r act identitate, cod numeric personal, adresa email personala sau profesionala, num\u0103r telefon personal sau profesional, orice alte date cu caracter personal necesare \u00eendeplinirii scopurilor mai jos enumerate,\u201cDate personale\u201d comunicate de c\u0103tre dumneavoastr\u0103 sau necesare \u00eendeplinirii scopurilor enumerate (cum ar fi cont utilizator site AICPS, informa\u021bii \u0219i nout\u0103\u021bi, sondaje).<br \/>\n\u00cen sensul prezentei note informative, prelucrarea Datelor personale \u00eenseamn\u0103 orice opera\u021biune sau ansamblu de opera\u021biuni efectuate cu utilizarea de procese automatizate \u0219i aplicate Datelor personale, cum ar fi: colectarea, \u00eenregistrarea, organizarea, structurarea, stocarea, adaptarea sau modificarea, extragerea, consultarea, utilizarea, comunicarea prin transmitere, diseminarea sau punerea la dispozi\u021bie \u00een orice alt mod, compararea sau interconectarea, restric\u021bionarea, \u0219tergerea sau distrugerea. V\u0103 inform\u0103m c\u0103 aceste Date Personale vor fi prelucrate at\u00e2t prin intermediul unor metode manuale, precum \u0219i\/sau prin intermediul unor mijloace informatice.<br \/>\n\u2022 Scopul \u0219i baza juridic\u0103 a prelucr\u0103rii<br \/>\nAICPS va prelucra datele dumneavoastr\u0103 cu caracter personal dob\u00e2ndite pentru realizarea urm\u0103toarelor scopuri:<br \/>\n\u2022 Pentru \u00eenscrierea, modificarea datelor, eviden\u021bierea dvs. ca membru,<br \/>\n\u2022 Cont de utilizator pe site-ul www.aicps.ro<br \/>\n\u2022 Simpozioane, conferin\u021be organizate de AICPS sau colaboratori &#8211; parteneri ai AICPS;<br \/>\n\u2022 Informa\u021bii \u0219i nout\u0103\u021bi \u00een domeniul legisla\u021biei \u00een construc\u021bii;<br \/>\n\u2022 Informa\u021bii privind cotiza\u021biile AICPS, \u00eencasare cotiza\u021bii, facturare;<br \/>\n\u2022 Diverse sondaje \u00een randul membrilor AICPS;<\/p>\n<p>\u2022 La inscrierea pentru diversele cursuri organizate de AICPS impreuna cu colaboratorii nostri, pentru efectuarea diplomelor\/certificatelor de participare.<\/p>\n<p>Toate datele vor fi pa\u0306strate pe durata c\u00e2t sunte\u021bi membru al asocia\u021biei .<br \/>\nDatele dvs. cu caracter personal nu vor fi utilizate pentru prelucrare automatizata\u0306, marketing direct s\u0326i nici pentru realizarea de profiluri. Nu prelucra\u0306m datele dvs. i\u0302n alte scopuri dec\u00e2t cele pentru care le-am colectat.<br \/>\nDaca\u0306 suntet\u0326i utilizator al website-ului AICPS datele dumneavoastra\u0306 cu caracter personal pe care le furnizat\u0326i i\u0302n mod direct i\u0302n office@aicps.ro \u0219i www.aicps.ro vor fi prelucrate \u00een contextul utiliza\u0306rii website-ului, cum ar fi datele pe care le furnizat\u0326i i\u0302n cadrul sect\u0326iunii de contact.<br \/>\nTemeiul juridic al prelucr\u0103rii Datelor personale este reprezentat de adeziunea pe care a\u021bi completat-o la \u00eenscrierea \u00een AICPS \u00een virtutea c\u0103reia se efectueaz\u0103 prelucrarea datelor cu consim\u021b\u0103m\u00e2ntul liber exprimat, pentru buna informare a membrilor asocia\u021biei.<br \/>\nRespecta\u0306m s\u0326i asigura\u0306m i\u0302n mod strict secretul profesional \u0219i celelalte condi\u021bii conform legii. Nu dezva\u0306luim datele deca\u0302t pentru realizarea intereselor dumneavoastra\u0306 sau i\u0302ndeplinirea obligat\u0326iilor legale, asigur\u00e2nd confiden\u021bialitatea datelor dvs. De asemenea, este posibil sa\u0306 fie necesar sa\u0306 dezva\u0306luim informat\u0326iile dvs. pentru a ne conforma obligat\u0326iei legale de a ra\u0306spunde la cererile legale ale autorita\u0306t\u0326ilor.<br \/>\nVom revizui periodic datele colectate, analiza\u0302nd i\u0302n ce ma\u0306sura\u0306 pa\u0306strarea lor este necesara\u0306 scopurilor ment\u0326ionate, intereselor dumneavoastra\u0306 legitime sau i\u0302ndeplinirii obligat\u0326iilor legale. Datele care nu mai sunt necesare vor fi s\u0326terse.<br \/>\nBeneficiat\u0326i de dreptul prev\u0103zut de lege (de acces la aceste informa\u021bii, de intervent\u0326ie, de modificare\/rectificare cu privire la datele pe care ni le furnizat\u0326i.<br \/>\nVa inform\u0103m c\u0103 ave\u021bi inclusiv posibilitatea legal\u0103 s\u0103 ne solicita\u021bi \u00een scris limitarea prelucr\u0103rilor realizate de noi s\u0326i inclusiv sa\u0306 solicitat\u0326i s\u0326tergerea datelor.<br \/>\nRefuzul membrilor de a transmite c\u0103tre AICPS datele cu caracter personal \u0219i\/sau de a permite prelucrarea de c\u0103tre AICPS a acestora conduce la imposibilitatea inform\u0103rii acestora \u00een leg\u0103tur\u0103 cu activitatea AICPS, a \u00eencas\u0103rii, factur\u0103rii cotiza\u021biilor, precum \u0219i a altor servicii conexe\/similare, inclusiv utilizarea aplica\u021biilor\/serviciilor online, oferite de platforma AICPS \u00een func\u021bie de serviciile de care beneficiaz\u0103\/poate beneficia fiecare membru \u00een parte).<br \/>\nVa\u0306 ruga\u0306m sa\u0306 ne aducet\u0326i la cunos\u0326tint\u0326a\u0306 solicita\u0306rile dvs., i\u0302n condi\u021bii de siguran\u021b\u0103 cu privire la identitatea solicitantului s\u0326i i\u0302ndrepta\u0306t\u0326irea lui.<br \/>\n<strong>V\u0103 \u00een\u0219tiin\u021bam c\u0103 pute\u0163i solicita orice informa\u0163ii privind prelucrarea datelor dvs. cu caracter personal la adresa de e-mail<\/strong> : <a href=\"aicpsautorizari@gmail.com\">aicpsautorizari@gmail.com<\/a> sau la numarul de telefon : 021.412.02.04; 0788.35.96.96<\/p>\n<p>Av\u00e2nd \u00een vedere prevederile Regulamentului UE 679\/2016 al Parlamentului European \u0219i al Consiliului din 27.04.2016, privind protec\u021bia persoanelor fizice \u00een ceea ce prive\u0219te prelucrarea datelor cu caracter personal \u0219i privind libera circula\u021bie a acestor date (GDPR), v\u0103 rugam s\u0103 desc\u0103rca\u021bi \u201eContractul de utilizare a datelor cu caracter personal afi\u0219are site AICPS\u201d de aici: <a href=\"https:\/\/32.aicps.ro\/wp-content\/uploads\/2024\/02\/solicitare-acord-membri-aicps_5d946066f39fe.pdf\" target=\"_blank\" rel=\"noopener\">Solicitare acord GDPR membrii AICPS<\/a><\/p>\n<p><strong>Dup\u0103 completarea \u0219i semnarea contractului v\u0103 rug\u0103m s\u0103 ne transmite\u021bi o copie scanat\u0103 pe adresa de e-mail: <a href=\"aicpsautorizari@gmail.com\">aicpsautorizari@gmail.com<\/a><\/strong>.<\/p>\n<p>V\u0103 mul\u021bumim!<\/p>\n<\/div><\/div><\/div><\/div><\/div>\n","protected":false},"excerpt":{"rendered":"","protected":false},"author":1,"featured_media":0,"parent":0,"menu_order":0,"comment_status":"closed","ping_status":"open","template":"","meta":{"footnotes":""},"yoast_head":"<!-- This site is optimized with the Yoast SEO plugin v22.0 - https:\/\/yoast.com\/wordpress\/plugins\/seo\/ -->\n<title>Politic\u0103 de confiden\u021bialitate - 32AICPS<\/title>\n<meta name=\"robots\" content=\"index, follow, max-snippet:-1, max-image-preview:large, max-video-preview:-1\" \/>\n<link rel=\"canonical\" href=\"https:\/\/32.aicps.ro\/index.php\/politica-de-confidentialitate\/\" \/>\n<meta property=\"og:locale\" content=\"ro_RO\" \/>\n<meta property=\"og:type\" content=\"article\" \/>\n<meta property=\"og:title\" content=\"Politic\u0103 de confiden\u021bialitate - 32AICPS\" \/>\n<meta property=\"og:url\" content=\"https:\/\/32.aicps.ro\/index.php\/politica-de-confidentialitate\/\" \/>\n<meta property=\"og:site_name\" content=\"32AICPS\" \/>\n<meta property=\"article:modified_time\" content=\"2024-02-19T09:53:39+00:00\" \/>\n<meta name=\"twitter:card\" content=\"summary_large_image\" \/>\n<meta name=\"twitter:label1\" content=\"Timp estimat pentru citire\" \/>\n\t<meta name=\"twitter:data1\" content=\"6 minute\" \/>\n<script type=\"application\/ld+json\" class=\"yoast-schema-graph\">{\"@context\":\"https:\/\/schema.org\",\"@graph\":[{\"@type\":\"WebPage\",\"@id\":\"https:\/\/32.aicps.ro\/index.php\/politica-de-confidentialitate\/\",\"url\":\"https:\/\/32.aicps.ro\/index.php\/politica-de-confidentialitate\/\",\"name\":\"Politic\u0103 de confiden\u021bialitate - 32AICPS\",\"isPartOf\":{\"@id\":\"https:\/\/32.aicps.ro\/#website\"},\"datePublished\":\"2023-12-21T12:06:57+00:00\",\"dateModified\":\"2024-02-19T09:53:39+00:00\",\"breadcrumb\":{\"@id\":\"https:\/\/32.aicps.ro\/index.php\/politica-de-confidentialitate\/#breadcrumb\"},\"inLanguage\":\"ro-RO\",\"potentialAction\":[{\"@type\":\"ReadAction\",\"target\":[\"https:\/\/32.aicps.ro\/index.php\/politica-de-confidentialitate\/\"]}]},{\"@type\":\"BreadcrumbList\",\"@id\":\"https:\/\/32.aicps.ro\/index.php\/politica-de-confidentialitate\/#breadcrumb\",\"itemListElement\":[{\"@type\":\"ListItem\",\"position\":1,\"name\":\"Home\",\"item\":\"https:\/\/32.aicps.ro\/\"},{\"@type\":\"ListItem\",\"position\":2,\"name\":\"Politic\u0103 de confiden\u021bialitate\"}]},{\"@type\":\"WebSite\",\"@id\":\"https:\/\/32.aicps.ro\/#website\",\"url\":\"https:\/\/32.aicps.ro\/\",\"name\":\"32AICPS\",\"description\":\"\",\"publisher\":{\"@id\":\"https:\/\/32.aicps.ro\/#organization\"},\"potentialAction\":[{\"@type\":\"SearchAction\",\"target\":{\"@type\":\"EntryPoint\",\"urlTemplate\":\"https:\/\/32.aicps.ro\/?s={search_term_string}\"},\"query-input\":\"required name=search_term_string\"}],\"inLanguage\":\"ro-RO\"},{\"@type\":\"Organization\",\"@id\":\"https:\/\/32.aicps.ro\/#organization\",\"name\":\"32AICPS\",\"url\":\"https:\/\/32.aicps.ro\/\",\"logo\":{\"@type\":\"ImageObject\",\"inLanguage\":\"ro-RO\",\"@id\":\"https:\/\/32.aicps.ro\/#\/schema\/logo\/image\/\",\"url\":\"https:\/\/32.aicps.ro\/wp-content\/uploads\/2024\/02\/logo-aicps-32.png\",\"contentUrl\":\"https:\/\/32.aicps.ro\/wp-content\/uploads\/2024\/02\/logo-aicps-32.png\",\"width\":1020,\"height\":774,\"caption\":\"32AICPS\"},\"image\":{\"@id\":\"https:\/\/32.aicps.ro\/#\/schema\/logo\/image\/\"}}]}<\/script>\n<!-- \/ Yoast SEO plugin. -->","yoast_head_json":{"title":"Politic\u0103 de confiden\u021bialitate - 32AICPS","robots":{"index":"index","follow":"follow","max-snippet":"max-snippet:-1","max-image-preview":"max-image-preview:large","max-video-preview":"max-video-preview:-1"},"canonical":"https:\/\/32.aicps.ro\/index.php\/politica-de-confidentialitate\/","og_locale":"ro_RO","og_type":"article","og_title":"Politic\u0103 de confiden\u021bialitate - 32AICPS","og_url":"https:\/\/32.aicps.ro\/index.php\/politica-de-confidentialitate\/","og_site_name":"32AICPS","article_modified_time":"2024-02-19T09:53:39+00:00","twitter_card":"summary_large_image","twitter_misc":{"Timp estimat pentru citire":"6 minute"},"schema":{"@context":"https:\/\/schema.org","@graph":[{"@type":"WebPage","@id":"https:\/\/32.aicps.ro\/index.php\/politica-de-confidentialitate\/","url":"https:\/\/32.aicps.ro\/index.php\/politica-de-confidentialitate\/","name":"Politic\u0103 de confiden\u021bialitate - 32AICPS","isPartOf":{"@id":"https:\/\/32.aicps.ro\/#website"},"datePublished":"2023-12-21T12:06:57+00:00","dateModified":"2024-02-19T09:53:39+00:00","breadcrumb":{"@id":"https:\/\/32.aicps.ro\/index.php\/politica-de-confidentialitate\/#breadcrumb"},"inLanguage":"ro-RO","potentialAction":[{"@type":"ReadAction","target":["https:\/\/32.aicps.ro\/index.php\/politica-de-confidentialitate\/"]}]},{"@type":"BreadcrumbList","@id":"https:\/\/32.aicps.ro\/index.php\/politica-de-confidentialitate\/#breadcrumb","itemListElement":[{"@type":"ListItem","position":1,"name":"Home","item":"https:\/\/32.aicps.ro\/"},{"@type":"ListItem","position":2,"name":"Politic\u0103 de confiden\u021bialitate"}]},{"@type":"WebSite","@id":"https:\/\/32.aicps.ro\/#website","url":"https:\/\/32.aicps.ro\/","name":"32AICPS","description":"","publisher":{"@id":"https:\/\/32.aicps.ro\/#organization"},"potentialAction":[{"@type":"SearchAction","target":{"@type":"EntryPoint","urlTemplate":"https:\/\/32.aicps.ro\/?s={search_term_string}"},"query-input":"required name=search_term_string"}],"inLanguage":"ro-RO"},{"@type":"Organization","@id":"https:\/\/32.aicps.ro\/#organization","name":"32AICPS","url":"https:\/\/32.aicps.ro\/","logo":{"@type":"ImageObject","inLanguage":"ro-RO","@id":"https:\/\/32.aicps.ro\/#\/schema\/logo\/image\/","url":"https:\/\/32.aicps.ro\/wp-content\/uploads\/2024\/02\/logo-aicps-32.png","contentUrl":"https:\/\/32.aicps.ro\/wp-content\/uploads\/2024\/02\/logo-aicps-32.png","width":1020,"height":774,"caption":"32AICPS"},"image":{"@id":"https:\/\/32.aicps.ro\/#\/schema\/logo\/image\/"}}]}},"_links":{"self":[{"href":"https:\/\/32.aicps.ro\/index.php\/wp-json\/wp\/v2\/pages\/3"}],"collection":[{"href":"https:\/\/32.aicps.ro\/index.php\/wp-json\/wp\/v2\/pages"}],"about":[{"href":"https:\/\/32.aicps.ro\/index.php\/wp-json\/wp\/v2\/types\/page"}],"author":[{"embeddable":true,"href":"https:\/\/32.aicps.ro\/index.php\/wp-json\/wp\/v2\/users\/1"}],"replies":[{"embeddable":true,"href":"https:\/\/32.aicps.ro\/index.php\/wp-json\/wp\/v2\/comments?post=3"}],"version-history":[{"count":4,"href":"https:\/\/32.aicps.ro\/index.php\/wp-json\/wp\/v2\/pages\/3\/revisions"}],"predecessor-version":[{"id":2131,"href":"https:\/\/32.aicps.ro\/index.php\/wp-json\/wp\/v2\/pages\/3\/revisions\/2131"}],"wp:attachment":[{"href":"https:\/\/32.aicps.ro\/index.php\/wp-json\/wp\/v2\/media?parent=3"}],"curies":[{"name":"wp","href":"https:\/\/api.w.org\/{rel}","templated":true}]}}