{"id":2106,"date":"2024-02-19T08:57:02","date_gmt":"2024-02-19T08:57:02","guid":{"rendered":"https:\/\/32.aicps.ro\/?page_id=2106"},"modified":"2024-02-19T08:57:34","modified_gmt":"2024-02-19T08:57:34","slug":"termeni-si-conditii","status":"publish","type":"page","link":"https:\/\/32.aicps.ro\/index.php\/termeni-si-conditii\/","title":{"rendered":"Termeni \u0219i condi\u021bii"},"content":{"rendered":"<div class=\"fusion-fullwidth fullwidth-box fusion-builder-row-1 fusion-flex-container has-pattern-background has-mask-background nonhundred-percent-fullwidth non-hundred-percent-height-scrolling\" style=\"--awb-border-radius-top-left:0px;--awb-border-radius-top-right:0px;--awb-border-radius-bottom-right:0px;--awb-border-radius-bottom-left:0px;--awb-padding-top:0px;--awb-margin-top:0px;--awb-flex-wrap:wrap;\" ><div class=\"fusion-builder-row fusion-row fusion-flex-align-items-flex-start fusion-flex-content-wrap\" style=\"max-width:982.8px;margin-left: calc(-4% \/ 2 );margin-right: calc(-4% \/ 2 );\"><div class=\"fusion-layout-column fusion_builder_column fusion-builder-column-0 fusion_builder_column_1_1 1_1 fusion-flex-column\" style=\"--awb-bg-size:cover;--awb-width-large:100%;--awb-margin-top-large:0px;--awb-spacing-right-large:1.92%;--awb-margin-bottom-large:0px;--awb-spacing-left-large:1.92%;--awb-width-medium:100%;--awb-spacing-right-medium:1.92%;--awb-spacing-left-medium:1.92%;--awb-width-small:100%;--awb-spacing-right-small:1.92%;--awb-spacing-left-small:1.92%;\"><div class=\"fusion-column-wrapper fusion-flex-justify-content-flex-start fusion-content-layout-column\"><div class=\"fusion-text fusion-text-1\"><h1>Termeni \u0219i condi\u021bii<\/h1>\n<p><a href=\"https:\/\/32.aicps.ro\/index.php\/politica-de-confidentialitate\/\">Not\u0103 de informare privind prelucrarea datelor cu caracter personal conform Regulamentului UE 2016\/679 (\u201cGDPR\u201d) \u0219i a politicii de prelucrare a datelor cu caracter personal<\/a>.<\/p>\n<p>Bine a\u021bi venit. V\u0103 mul\u021bumim pentru vizitarea site-ului aicps.ro (denumit \u00een continuare \u201cSite\u201d).<\/p>\n<p>Con\u021binutul propriu existent \u00een Site este protejat prin drepturi de autor \u00een condi\u021biile legisla\u021biei din \u021bara noastr\u0103. Con\u021binutul furnizat de utilizatori este protejat de drepturi de autor \u00een condi\u021biile legisla\u021biei din \u021bara noastr\u0103, titularii drepturilor fiind utilizatorii care au afi\u0219at con\u021binutul.<\/p>\n<p>Ave\u021bi permisiunea de a accesa Con\u021binutul site-ului prin afi\u0219are pe echipamentul de acces (calculator, laptop, smartphone, tablete etc.) \u00een scopul ob\u021binerii de informa\u021bii pentru uz didactic \u0219i personal. Reproducerea \u00een orice alte scopuri este permis\u0103 \u00een condi\u021biile \u00een care se furnizeaz\u0103 sursa, cu link \u0219i numai cu acordul expres, \u00een scris, al autorilor.Pentru a ob\u021bine acest acord, v\u0103 rug\u0103m s\u0103 ne contacta\u021bi la adresa de e-mail: office@aicps.ro si v\u0103 vom r\u0103spunde \u00een cel mai scurt timp.<\/p>\n<p>Utilizarea comercial\u0103 a Con\u021binutului afi\u0219at \u00een Site este interzis\u0103.<\/p>\n<p>Alte utiliz\u0103ri ale Site-ului (realizarea de comentarii, discu\u021bii, publicarea opiniilor si sugestiilor, etc) sunt rezervate numai utilizatorilor \u00eenregistra\u021bi.<\/p>\n<p>Ca regul\u0103 general\u0103 este interzis\u0103 orice utilizare care nu este conform\u0103 cu cele descrise anterior ca fiind permise. Anumite activit\u0103\u021bi interzise \u00een continuare pot constitui infrac\u021biuni sau contraven\u021bii conform legislatiei din \u021bara noastr\u0103. Ne rezerv\u0103m dreptul de a face, atunci c\u00e2nd consider\u0103m necesar, demersuri la autorit\u0103\u021bile competente pentru a ne proteja interesele legale.<\/p>\n<p>Este interzis\u0103 restric\u021bionarea, prin orice modalitate tehnic\u0103,a accesului altor persoane la Site. Este interzis\u0103 utilizarea de mijloace tehnice pentru modificarea, completarea, \u0219tergerea Con\u021binutului. Este interzis\u0103 utilizarea de mijloace tehnice pentru a face Site-ul inutilizabil sau pentru a-i \u00eengreuna utilizarea (atacuri informatice).<\/p>\n<p>Orice utilizare a Con\u021binutului sau a Site-ului care \u00eencalc\u0103 prevederile din sec\u021biunile anterioare va fi considerat\u0103 abuz. Ne rezerv\u0103m dreptul de a lua orice m\u0103sur\u0103, pentru \u00eentreruperea abuzurilor, de a urma orice mijloc legal pentru pedepsirea persoanelor vinovate \u0219i pentru recuperarea oric\u0103rui prejudiciu. Ca m\u0103sur\u0103 tehnic\u0103 putem, printre altele, decide blocarea accesului anumitor utilizatori (prin restrictionarea IP-ului) la Site.<\/p>\n<p>Con\u021binutul Site-ului nu garanteaz\u0103 ob\u021binerea unui anumit rezultat de c\u0103tre dumneavoastr\u0103, indiferent de scopul pe care-l urm\u0103ri\u021bi. Nu garant\u0103m corectitudinea Con\u021binutului (inclusiv faptul c\u0103 a fost afisat in Site asa cum a inten\u021bionat autorul) sau aplicabilitatea acestuia la scopul pentru care dori\u021bi s\u0103-l utiliza\u021bi.<\/p>\n<p>\u00cen situa\u021bia \u00een care considera\u021bi c\u0103 orice element de Con\u021binut sau Site-ul este abuziv, imoral, ilegal, \u00eencalc\u0103 drepturile altor persoane (\u00een special drepturi de proprietate intelectual\u0103) ne puteti notifica acest lucru la office@aicps.ro.<\/p>\n<p>\u00cen urma notific\u0103rii vom analiza cele indicate \u0219i vom lua m\u0103surile pe care le consider\u0103m necesare.<\/p>\n<p>Nu garant\u0103m \u00een mod absolut c\u0103 Site-ul va functiona f\u0103r\u0103 erori sau \u00een mod continuu.<\/p>\n<p>Prin acceptarea prezentelor Termene \u0219i Condi\u021bii excludem orice r\u0103spundere contractual\u0103 sau delictual\u0103 fa\u021b\u0103 de dumneavoastr\u0103 sau alte persoane, pentru prejudicii morale sau patrimoniale, directe sau indirecte, n\u0103scute din utilizarea sau lipsa posibilit\u0103\u021bii de utilizare de c\u0103tre dumneavoastr\u0103 a Site-ului sau a Con\u021binutului.<\/p>\n<p>Orice disput\u0103 legat\u0103 de utilizarea Con\u021binutului sau a Site-ului este de competen\u021ba exclusiv\u0103 a instan\u021belor din Romania \u0219i va fi rezolvat\u0103 conform legisla\u021biei Rom\u00e2ne aplicabile la momentul acesteia.<\/p>\n<p>V\u0103 mul\u021bumim pentru utilizarea aicps.ro!<\/p>\n<\/div><\/div><\/div><\/div><\/div>\n","protected":false},"excerpt":{"rendered":"","protected":false},"author":1,"featured_media":0,"parent":0,"menu_order":0,"comment_status":"closed","ping_status":"open","template":"","meta":{"footnotes":""},"yoast_head":"<!-- This site is optimized with the Yoast SEO plugin v22.0 - https:\/\/yoast.com\/wordpress\/plugins\/seo\/ -->\n<title>Termeni \u0219i condi\u021bii - 32AICPS<\/title>\n<meta name=\"robots\" content=\"index, follow, max-snippet:-1, max-image-preview:large, max-video-preview:-1\" \/>\n<link rel=\"canonical\" href=\"https:\/\/32.aicps.ro\/index.php\/termeni-si-conditii\/\" \/>\n<meta property=\"og:locale\" content=\"ro_RO\" \/>\n<meta property=\"og:type\" content=\"article\" \/>\n<meta property=\"og:title\" content=\"Termeni \u0219i condi\u021bii - 32AICPS\" \/>\n<meta property=\"og:url\" content=\"https:\/\/32.aicps.ro\/index.php\/termeni-si-conditii\/\" \/>\n<meta property=\"og:site_name\" content=\"32AICPS\" \/>\n<meta property=\"article:modified_time\" content=\"2024-02-19T08:57:34+00:00\" \/>\n<meta name=\"twitter:card\" content=\"summary_large_image\" \/>\n<meta name=\"twitter:label1\" content=\"Timp estimat pentru citire\" \/>\n\t<meta name=\"twitter:data1\" content=\"3 minute\" \/>\n<script type=\"application\/ld+json\" class=\"yoast-schema-graph\">{\"@context\":\"https:\/\/schema.org\",\"@graph\":[{\"@type\":\"WebPage\",\"@id\":\"https:\/\/32.aicps.ro\/index.php\/termeni-si-conditii\/\",\"url\":\"https:\/\/32.aicps.ro\/index.php\/termeni-si-conditii\/\",\"name\":\"Termeni \u0219i condi\u021bii - 32AICPS\",\"isPartOf\":{\"@id\":\"https:\/\/32.aicps.ro\/#website\"},\"datePublished\":\"2024-02-19T08:57:02+00:00\",\"dateModified\":\"2024-02-19T08:57:34+00:00\",\"breadcrumb\":{\"@id\":\"https:\/\/32.aicps.ro\/index.php\/termeni-si-conditii\/#breadcrumb\"},\"inLanguage\":\"ro-RO\",\"potentialAction\":[{\"@type\":\"ReadAction\",\"target\":[\"https:\/\/32.aicps.ro\/index.php\/termeni-si-conditii\/\"]}]},{\"@type\":\"BreadcrumbList\",\"@id\":\"https:\/\/32.aicps.ro\/index.php\/termeni-si-conditii\/#breadcrumb\",\"itemListElement\":[{\"@type\":\"ListItem\",\"position\":1,\"name\":\"Home\",\"item\":\"https:\/\/32.aicps.ro\/\"},{\"@type\":\"ListItem\",\"position\":2,\"name\":\"Termeni \u0219i condi\u021bii\"}]},{\"@type\":\"WebSite\",\"@id\":\"https:\/\/32.aicps.ro\/#website\",\"url\":\"https:\/\/32.aicps.ro\/\",\"name\":\"32AICPS\",\"description\":\"\",\"publisher\":{\"@id\":\"https:\/\/32.aicps.ro\/#organization\"},\"potentialAction\":[{\"@type\":\"SearchAction\",\"target\":{\"@type\":\"EntryPoint\",\"urlTemplate\":\"https:\/\/32.aicps.ro\/?s={search_term_string}\"},\"query-input\":\"required name=search_term_string\"}],\"inLanguage\":\"ro-RO\"},{\"@type\":\"Organization\",\"@id\":\"https:\/\/32.aicps.ro\/#organization\",\"name\":\"32AICPS\",\"url\":\"https:\/\/32.aicps.ro\/\",\"logo\":{\"@type\":\"ImageObject\",\"inLanguage\":\"ro-RO\",\"@id\":\"https:\/\/32.aicps.ro\/#\/schema\/logo\/image\/\",\"url\":\"https:\/\/32.aicps.ro\/wp-content\/uploads\/2024\/02\/logo-aicps-32.png\",\"contentUrl\":\"https:\/\/32.aicps.ro\/wp-content\/uploads\/2024\/02\/logo-aicps-32.png\",\"width\":1020,\"height\":774,\"caption\":\"32AICPS\"},\"image\":{\"@id\":\"https:\/\/32.aicps.ro\/#\/schema\/logo\/image\/\"}}]}<\/script>\n<!-- \/ Yoast SEO plugin. -->","yoast_head_json":{"title":"Termeni \u0219i condi\u021bii - 32AICPS","robots":{"index":"index","follow":"follow","max-snippet":"max-snippet:-1","max-image-preview":"max-image-preview:large","max-video-preview":"max-video-preview:-1"},"canonical":"https:\/\/32.aicps.ro\/index.php\/termeni-si-conditii\/","og_locale":"ro_RO","og_type":"article","og_title":"Termeni \u0219i condi\u021bii - 32AICPS","og_url":"https:\/\/32.aicps.ro\/index.php\/termeni-si-conditii\/","og_site_name":"32AICPS","article_modified_time":"2024-02-19T08:57:34+00:00","twitter_card":"summary_large_image","twitter_misc":{"Timp estimat pentru citire":"3 minute"},"schema":{"@context":"https:\/\/schema.org","@graph":[{"@type":"WebPage","@id":"https:\/\/32.aicps.ro\/index.php\/termeni-si-conditii\/","url":"https:\/\/32.aicps.ro\/index.php\/termeni-si-conditii\/","name":"Termeni \u0219i condi\u021bii - 32AICPS","isPartOf":{"@id":"https:\/\/32.aicps.ro\/#website"},"datePublished":"2024-02-19T08:57:02+00:00","dateModified":"2024-02-19T08:57:34+00:00","breadcrumb":{"@id":"https:\/\/32.aicps.ro\/index.php\/termeni-si-conditii\/#breadcrumb"},"inLanguage":"ro-RO","potentialAction":[{"@type":"ReadAction","target":["https:\/\/32.aicps.ro\/index.php\/termeni-si-conditii\/"]}]},{"@type":"BreadcrumbList","@id":"https:\/\/32.aicps.ro\/index.php\/termeni-si-conditii\/#breadcrumb","itemListElement":[{"@type":"ListItem","position":1,"name":"Home","item":"https:\/\/32.aicps.ro\/"},{"@type":"ListItem","position":2,"name":"Termeni \u0219i condi\u021bii"}]},{"@type":"WebSite","@id":"https:\/\/32.aicps.ro\/#website","url":"https:\/\/32.aicps.ro\/","name":"32AICPS","description":"","publisher":{"@id":"https:\/\/32.aicps.ro\/#organization"},"potentialAction":[{"@type":"SearchAction","target":{"@type":"EntryPoint","urlTemplate":"https:\/\/32.aicps.ro\/?s={search_term_string}"},"query-input":"required name=search_term_string"}],"inLanguage":"ro-RO"},{"@type":"Organization","@id":"https:\/\/32.aicps.ro\/#organization","name":"32AICPS","url":"https:\/\/32.aicps.ro\/","logo":{"@type":"ImageObject","inLanguage":"ro-RO","@id":"https:\/\/32.aicps.ro\/#\/schema\/logo\/image\/","url":"https:\/\/32.aicps.ro\/wp-content\/uploads\/2024\/02\/logo-aicps-32.png","contentUrl":"https:\/\/32.aicps.ro\/wp-content\/uploads\/2024\/02\/logo-aicps-32.png","width":1020,"height":774,"caption":"32AICPS"},"image":{"@id":"https:\/\/32.aicps.ro\/#\/schema\/logo\/image\/"}}]}},"_links":{"self":[{"href":"https:\/\/32.aicps.ro\/index.php\/wp-json\/wp\/v2\/pages\/2106"}],"collection":[{"href":"https:\/\/32.aicps.ro\/index.php\/wp-json\/wp\/v2\/pages"}],"about":[{"href":"https:\/\/32.aicps.ro\/index.php\/wp-json\/wp\/v2\/types\/page"}],"author":[{"embeddable":true,"href":"https:\/\/32.aicps.ro\/index.php\/wp-json\/wp\/v2\/users\/1"}],"replies":[{"embeddable":true,"href":"https:\/\/32.aicps.ro\/index.php\/wp-json\/wp\/v2\/comments?post=2106"}],"version-history":[{"count":2,"href":"https:\/\/32.aicps.ro\/index.php\/wp-json\/wp\/v2\/pages\/2106\/revisions"}],"predecessor-version":[{"id":2111,"href":"https:\/\/32.aicps.ro\/index.php\/wp-json\/wp\/v2\/pages\/2106\/revisions\/2111"}],"wp:attachment":[{"href":"https:\/\/32.aicps.ro\/index.php\/wp-json\/wp\/v2\/media?parent=2106"}],"curies":[{"name":"wp","href":"https:\/\/api.w.org\/{rel}","templated":true}]}}